{"id":8218,"date":"2024-05-09T14:24:02","date_gmt":"2024-05-09T17:24:02","guid":{"rendered":"https:\/\/quintalverde.eco.br\/home\/?page_id=8218"},"modified":"2024-07-22T11:44:39","modified_gmt":"2024-07-22T14:44:39","slug":"linha-de-temperos-potes-flip-flop-churrasco","status":"publish","type":"page","link":"https:\/\/quintalverde.eco.br\/home\/linha-de-temperos-potes-flip-flop-churrasco\/","title":{"rendered":"Linha de Temperos potes Flip Flop Churrasco"},"content":{"rendered":"<p>[vc_row bg_cover=&#8221;cover&#8221; bg_position=&#8221;&#8221; bg_attachment=&#8221;fixed&#8221; textalign=&#8221;center&#8221; top=&#8221;200px&#8221; bottom=&#8221;140px&#8221; bg_image=&#8221;8226&#8243;][vc_column][vc_column_text css_animation=&#8221;bottom-to-top&#8221;]<\/p>\n<h1 style=\"font-size: 100px; line-height: 90px; font-weight: 600;\"><span style=\"color: #ffffff;\">Nossos Produtos<\/span><\/h1>\n<p><em><span style=\"font-size: 23px; color: #243f24; font-weight: 300;\">Linha de Temperos Potes Flip Flop<\/span><\/em>[\/vc_column_text][\/vc_column][\/vc_row][vc_row textalign=&#8221;center&#8221;][vc_column][vc_column_text]<span style=\"font-size: 24px; font-weight: 300;\">Linha de Temperos Potes Flip Flop Churrasco<br \/>\n<\/span>[\/vc_column_text][vc_icon name=&#8221;fa-angle-double-down&#8221; icon_size=&#8221;34px&#8221; icon_color=&#8221;#dddddd&#8221; hover_effect=&#8221;change_color&#8221; css_animation=&#8221;bottom-to-top&#8221;][vc_masonry_media_grid style=&#8221;lazy&#8221; initial_loading_animation=&#8221;fadeIn&#8221; grid_id=&#8221;vc_gid:1721659449241-f4c082a2-a084-4&#8243; include=&#8221;8204,8205,8206,8207,8208,8209,8210,8211,8212,8213,8214&#8243;][vc_spacer size=&#8221;70px&#8221;][vc_column_text]<\/p>\n<table>\n<thead>\n<tr>\n<th>Detalhes<\/th>\n<\/tr>\n<\/thead>\n<tbody>\n<tr>\n<td>Tampas Flip-Flop com dupla abertura, \u201cBoc\u00e3o e furinhos\u201d, exceto no loro com tampa simples.<\/td>\n<\/tr>\n<tr>\n<td>Selo lacre de indu\u00e7\u00e3o que evita viola\u00e7\u00e3o do produto.<\/td>\n<\/tr>\n<tr>\n<td>Composi\u00e7\u00e3o dos potes flip-flop \u00e9 igual ao encartelado.<\/td>\n<\/tr>\n<tr>\n<td>A linha Flip-Flop possui caixinhas com 4 potes por caixa de um sabor<\/td>\n<\/tr>\n<tr>\n<td>Validade de toda a Linha Quintal Verde \u00e9 de 24 meses<\/td>\n<\/tr>\n<\/tbody>\n<\/table>\n<p>[\/vc_column_text][vc_spacer size=&#8221;70px&#8221;][\/vc_column][\/vc_row]<\/p>\n","protected":false},"excerpt":{"rendered":"<p>[vc_row bg_cover=&#8221;cover&#8221; bg_position=&#8221;&#8221; bg_attachment=&#8221;fixed&#8221; textalign=&#8221;center&#8221; top=&#8221;200px&#8221; bottom=&#8221;140px&#8221; bg_image=&#8221;8226&#8243;][vc_column][vc_column_text css_animation=&#8221;bottom-to-top&#8221;] Nossos Produtos Linha de Temperos Potes Flip Flop[\/vc_column_text][\/vc_column][\/vc_row][vc_row textalign=&#8221;center&#8221;][vc_column][vc_column_text]Linha de Temperos Potes Flip Flop Churrasco [\/vc_column_text][vc_icon name=&#8221;fa-angle-double-down&#8221; icon_size=&#8221;34px&#8221; icon_color=&#8221;#dddddd&#8221; hover_effect=&#8221;change_color&#8221; css_animation=&#8221;bottom-to-top&#8221;][vc_masonry_media_grid style=&#8221;lazy&#8221; initial_loading_animation=&#8221;fadeIn&#8221; grid_id=&#8221;vc_gid:1721659449241-f4c082a2-a084-4&#8243; include=&#8221;8204,8205,8206,8207,8208,8209,8210,8211,8212,8213,8214&#8243;][vc_spacer size=&#8221;70px&#8221;][vc_column_text] Detalhes Tampas Flip-Flop com dupla abertura, \u201cBoc\u00e3o e furinhos\u201d, exceto no loro com tampa simples. Selo lacre de indu\u00e7\u00e3o que [&hellip;]<\/p>\n","protected":false},"author":1,"featured_media":0,"parent":0,"menu_order":0,"comment_status":"closed","ping_status":"closed","template":"page-full-width.php","meta":[],"_links":{"self":[{"href":"https:\/\/quintalverde.eco.br\/home\/wp-json\/wp\/v2\/pages\/8218"}],"collection":[{"href":"https:\/\/quintalverde.eco.br\/home\/wp-json\/wp\/v2\/pages"}],"about":[{"href":"https:\/\/quintalverde.eco.br\/home\/wp-json\/wp\/v2\/types\/page"}],"author":[{"embeddable":true,"href":"https:\/\/quintalverde.eco.br\/home\/wp-json\/wp\/v2\/users\/1"}],"replies":[{"embeddable":true,"href":"https:\/\/quintalverde.eco.br\/home\/wp-json\/wp\/v2\/comments?post=8218"}],"version-history":[{"count":4,"href":"https:\/\/quintalverde.eco.br\/home\/wp-json\/wp\/v2\/pages\/8218\/revisions"}],"predecessor-version":[{"id":8253,"href":"https:\/\/quintalverde.eco.br\/home\/wp-json\/wp\/v2\/pages\/8218\/revisions\/8253"}],"wp:attachment":[{"href":"https:\/\/quintalverde.eco.br\/home\/wp-json\/wp\/v2\/media?parent=8218"}],"curies":[{"name":"wp","href":"https:\/\/api.w.org\/{rel}","templated":true}]}}