{"id":7899,"date":"2020-05-07T18:50:10","date_gmt":"2020-05-07T21:50:10","guid":{"rendered":"http:\/\/quintalverde.eco.br\/home\/?page_id=7899"},"modified":"2025-10-06T10:14:59","modified_gmt":"2025-10-06T13:14:59","slug":"certificacao","status":"publish","type":"page","link":"https:\/\/quintalverde.eco.br\/home\/certificacao\/","title":{"rendered":"Certifica\u00e7\u00e3o"},"content":{"rendered":"<p>[vc_row bg_cover=&#8221;cover&#8221; bg_position=&#8221;&#8221; bg_attachment=&#8221;fixed&#8221; textalign=&#8221;center&#8221; top=&#8221;250px&#8221; bottom=&#8221;120px&#8221; bg_image=&#8221;7906&#8243; font_color=&#8221;#ffffff&#8221;][vc_column css_animation=&#8221;bottom-to-top&#8221;][vc_column_text]<\/p>\n<h1 style=\"font-size: 100px; line-height: 90px; font-weight: 600;\"><span style=\"color: #ffffff;\">Nossa<\/span><\/h1>\n<p><em><span style=\"font-size: 49px; font-weight: 300; color: #ffffff;\">Certifica\u00e7\u00e3o<\/span><\/em><\/p>\n<p>[\/vc_column_text][\/vc_column][\/vc_row][vc_row textalign=&#8221;center&#8221; top=&#8221;20px&#8221; bottom=&#8221;10px&#8221;][vc_column][vc_button title=&#8221;Baixar Nosso Certificado&#8221; size=&#8221;btn-large&#8221; color=&#8221;btn_green&#8221; icon_name=&#8221;fa-angle-double-down&#8221; css_animation=&#8221;left-to-right&#8221; link=&#8221;url:http%3A%2F%2Fquintalverde.eco.br%2Fhome%2Fcertificados%2F2025_084-1-C_CERTIFICADO_assinado.pdf|title:Nosso%20Certificado|target:%20_blank|&#8221;][\/vc_column][\/vc_row][vc_row top=&#8221;10px&#8221; bottom=&#8221;10px&#8221;][vc_column][vc_separator icon=&#8221;fa-angle-double-down&#8221;][\/vc_column][\/vc_row][vc_row][vc_column width=&#8221;1\/2&#8243; css=&#8221;.vc_custom_1398804381542{padding-right: 40px !important;}&#8221;][vc_column_text css_animation=&#8221;left-to-right&#8221;]<\/p>\n<h2><span style=\"color: #243f24;\">Certifica\u00e7\u00e3o<\/span><\/h2>\n<p class=\"p1\"><span class=\"s1\">A certifica\u00e7\u00e3o org\u00e2nica da Quintal Verde, \u00e9 realizada pela Genesis Certifica\u00e7\u00f5es certificadora de produtos org\u00e2nicos, que audita todas as etapas da cadeia produtiva. A certifica\u00e7\u00e3o segue os princ\u00edpios e normas da produ\u00e7\u00e3o org\u00e2nica estabelecida na <strong><a href=\"http:\/\/www.planalto.gov.br\/ccivil_03\/leis\/2003\/L10.831.htm\"><span class=\"s2\">Lei 10.831<\/span><\/a><\/strong>\u00a0e demais instru\u00e7\u00f5es normativas.<\/span><\/p>\n<p class=\"p1\"><span class=\"s1\">O selo Brasil Org\u00e2nico do Minist\u00e9rio da Agricultura (MAPA) \u00e9 uma das garantias de que o alimento \u00e9 org\u00e2nico. A evidencia que o produto foi auditado por certificadora de produtos org\u00e2nicos \u00e9 representada pelo selo da certificadora na embalagem. Procure sempre o selo da certificadora nas embalagens dos produtos org\u00e2nicos. Todo produto org\u00e2nico deve ser certificado por uma certificadora acreditada pelo Inmetro.<\/span><\/p>\n<p>[\/vc_column_text][\/vc_column][vc_column width=&#8221;1\/2&#8243; css=&#8221;.vc_custom_1398804362595{border-left-width: 1px !important;padding-left: 40px !important;border-color: #cccccc !important;border-style: solid !important;}&#8221;][vc_column_text css_animation=&#8221;left-to-right&#8221;]<\/p>\n<h2><span style=\"color: #243f24;\">Org\u00e2nico Brasil<\/span><\/h2>\n<p>[\/vc_column_text][vc_single_image image=&#8221;7909&#8243; img_size=&#8221;full&#8221; alignment=&#8221;center&#8221; css_animation=&#8221;left-to-right&#8221;][\/vc_column][\/vc_row][vc_row top=&#8221;10px&#8221; bottom=&#8221;10px&#8221;][vc_column][vc_separator icon=&#8221;fa-angle-double-down&#8221;][\/vc_column][\/vc_row][vc_row][vc_column width=&#8221;1\/2&#8243; css=&#8221;.vc_custom_1398804381542{padding-right: 40px !important;}&#8221;][vc_column_text css_animation=&#8221;left-to-right&#8221;]<\/p>\n<h2><span style=\"color: #243f24;\">100% Org\u00e2nicos<\/span><\/h2>\n<p class=\"p1\"><span class=\"s1\">Nossos ingredientes s\u00e3o 100% org\u00e2nicos, ou seja, nenhum insumo convencional \u00e9 utilizado em nossos processos. <\/span><\/p>\n<p class=\"p1\"><span class=\"s1\">A integra\u00e7\u00e3o com nossos agricultores familiares garante a eles vendas a pre\u00e7os justos e com remunera\u00e7\u00e3o diferenciada em rela\u00e7\u00e3o ao convencional, respeitando a legisla\u00e7\u00e3o social e org\u00e2nica prevista na lei 10.831.<\/span><\/p>\n<p class=\"p1\"><span class=\"s1\">As \u00e1reas produtivas s\u00e3o isoladas de cultivos convencionais, bem como as sementes e mudas utilizadas s\u00e3o pr\u00f3prias e quando externas s\u00e3o n\u00e3o tratadas. As matas ciliares e nascentes s\u00e3o respeitadas e protegidas. <\/span><\/p>\n<p>[\/vc_column_text][\/vc_column][vc_column width=&#8221;1\/2&#8243; css=&#8221;.vc_custom_1398804362595{border-left-width: 1px !important;padding-left: 40px !important;border-color: #cccccc !important;border-style: solid !important;}&#8221;][vc_column_text css_animation=&#8221;left-to-right&#8221;]<\/p>\n<p class=\"p1\"><span class=\"s1\"><b>Certificado de Conformidade Org\u00e2nica<br \/>\n<\/b><\/span><\/p>\n<p>[\/vc_column_text][vc_single_image image=&#8221;8221&#8243; img_size=&#8221;full&#8221; css_animation=&#8221;fadeInRight&#8221;][vc_single_image image=&#8221;8230&#8243; img_size=&#8221;full&#8221; css_animation=&#8221;fadeInRight&#8221;][\/vc_column][\/vc_row][vc_row textalign=&#8221;center&#8221; top=&#8221;15px&#8221; bottom=&#8221;15px&#8221; bg_color=&#8221;#243f24&#8243;][vc_column][vc_column_text]<span style=\"color: #ffffff;\"><a href=\"#top\"><span style=\"color: #ffffff;\">VOLTAR PARA O TOPO<\/span><\/a><\/span>[\/vc_column_text][\/vc_column][\/vc_row]<\/p>\n","protected":false},"excerpt":{"rendered":"<p>[vc_row bg_cover=&#8221;cover&#8221; bg_position=&#8221;&#8221; bg_attachment=&#8221;fixed&#8221; textalign=&#8221;center&#8221; top=&#8221;250px&#8221; bottom=&#8221;120px&#8221; bg_image=&#8221;7906&#8243; font_color=&#8221;#ffffff&#8221;][vc_column css_animation=&#8221;bottom-to-top&#8221;][vc_column_text] Nossa Certifica\u00e7\u00e3o [\/vc_column_text][\/vc_column][\/vc_row][vc_row textalign=&#8221;center&#8221; top=&#8221;20px&#8221; bottom=&#8221;10px&#8221;][vc_column][vc_button title=&#8221;Baixar Nosso Certificado&#8221; size=&#8221;btn-large&#8221; color=&#8221;btn_green&#8221; icon_name=&#8221;fa-angle-double-down&#8221; css_animation=&#8221;left-to-right&#8221; link=&#8221;url:http%3A%2F%2Fquintalverde.eco.br%2Fhome%2Fcertificados%2F2025_084-1-C_CERTIFICADO_assinado.pdf|title:Nosso%20Certificado|target:%20_blank|&#8221;][\/vc_column][\/vc_row][vc_row top=&#8221;10px&#8221; bottom=&#8221;10px&#8221;][vc_column][vc_separator icon=&#8221;fa-angle-double-down&#8221;][\/vc_column][\/vc_row][vc_row][vc_column width=&#8221;1\/2&#8243; css=&#8221;.vc_custom_1398804381542{padding-right: 40px !important;}&#8221;][vc_column_text css_animation=&#8221;left-to-right&#8221;] Certifica\u00e7\u00e3o A certifica\u00e7\u00e3o org\u00e2nica da Quintal Verde, \u00e9 realizada pela Genesis Certifica\u00e7\u00f5es certificadora de produtos org\u00e2nicos, que audita todas as etapas da cadeia [&hellip;]<\/p>\n","protected":false},"author":1,"featured_media":0,"parent":0,"menu_order":0,"comment_status":"closed","ping_status":"closed","template":"page-full-width.php","meta":[],"_links":{"self":[{"href":"https:\/\/quintalverde.eco.br\/home\/wp-json\/wp\/v2\/pages\/7899"}],"collection":[{"href":"https:\/\/quintalverde.eco.br\/home\/wp-json\/wp\/v2\/pages"}],"about":[{"href":"https:\/\/quintalverde.eco.br\/home\/wp-json\/wp\/v2\/types\/page"}],"author":[{"embeddable":true,"href":"https:\/\/quintalverde.eco.br\/home\/wp-json\/wp\/v2\/users\/1"}],"replies":[{"embeddable":true,"href":"https:\/\/quintalverde.eco.br\/home\/wp-json\/wp\/v2\/comments?post=7899"}],"version-history":[{"count":35,"href":"https:\/\/quintalverde.eco.br\/home\/wp-json\/wp\/v2\/pages\/7899\/revisions"}],"predecessor-version":[{"id":8268,"href":"https:\/\/quintalverde.eco.br\/home\/wp-json\/wp\/v2\/pages\/7899\/revisions\/8268"}],"wp:attachment":[{"href":"https:\/\/quintalverde.eco.br\/home\/wp-json\/wp\/v2\/media?parent=7899"}],"curies":[{"name":"wp","href":"https:\/\/api.w.org\/{rel}","templated":true}]}}