{"id":7870,"date":"2020-05-07T18:15:13","date_gmt":"2020-05-07T21:15:13","guid":{"rendered":"http:\/\/quintalverde.eco.br\/home\/?page_id=7870"},"modified":"2024-07-22T11:24:39","modified_gmt":"2024-07-22T14:24:39","slug":"linha-chas-saches","status":"publish","type":"page","link":"https:\/\/quintalverde.eco.br\/home\/linha-chas-saches\/","title":{"rendered":"Linha de Ch\u00e1s Sach\u00eas"},"content":{"rendered":"<p>[vc_row bg_cover=&#8221;cover&#8221; bg_position=&#8221;&#8221; bg_attachment=&#8221;fixed&#8221; textalign=&#8221;center&#8221; top=&#8221;200px&#8221; bottom=&#8221;140px&#8221; bg_image=&#8221;7734&#8243;][vc_column][vc_column_text css_animation=&#8221;bottom-to-top&#8221;]<\/p>\n<h1 style=\"font-size: 100px; line-height: 90px; font-weight: 600;\"><span style=\"color: #ffffff;\">Nossos Produtos<\/span><\/h1>\n<p><em><span style=\"font-size: 23px; color: #243f24; font-weight: 300;\">Linha de Ch\u00e1s Sach\u00eas<\/span><\/em>[\/vc_column_text][\/vc_column][\/vc_row][vc_row textalign=&#8221;center&#8221;][vc_column][vc_column_text css_animation=&#8221;bottom-to-top&#8221;]<span style=\"font-size: 24px; font-weight: 300;\"><strong style=\"color: #444444;\">Linha<\/strong> de Ch\u00e1s Sach\u00eas<br \/>\n<\/span>[\/vc_column_text][vc_icon name=&#8221;fa-angle-double-down&#8221; icon_size=&#8221;34px&#8221; icon_color=&#8221;#dddddd&#8221; hover_effect=&#8221;change_color&#8221; css_animation=&#8221;bottom-to-top&#8221;][vc_masonry_media_grid initial_loading_animation=&#8221;fadeIn&#8221; grid_id=&#8221;vc_gid:1721658247742-ae71dd7d-d73e-2&#8243; include=&#8221;8173,8174,8175,8182,8181,8180,8178,8179,8177,8176&#8243;][vc_spacer size=&#8221;70px&#8221;][vc_separator icon=&#8221;fa-star&#8221; color=&#8221;#dddddd&#8221;][vc_spacer size=&#8221;70px&#8221;][vc_column_text css_animation=&#8221;bottom-to-top&#8221;]<span style=\"font-size: 24px; font-weight: 300;\"><strong style=\"color: #444444;\">Detalhes<\/strong> dos Produtos<\/span>[\/vc_column_text][vc_icon name=&#8221;fa-angle-double-down&#8221; icon_size=&#8221;34px&#8221; icon_color=&#8221;#dddddd&#8221; hover_effect=&#8221;change_color&#8221; css_animation=&#8221;bottom-to-top&#8221;][vc_spacer size=&#8221;70px&#8221;][vc_column_text]<\/p>\n<table>\n<thead>\n<tr>\n<th>Detalhes<\/th>\n<th>A linha de ch\u00e1s em sach\u00ea possui caixas com 6 unidades de 10 sach\u00eas cada, de um sabor.<\/th>\n<\/tr>\n<\/thead>\n<tbody>\n<tr>\n<td><strong>Validade<\/strong><\/td>\n<td>Validade de toda a Linha Quintal Verde \u00e9 de 24 meses.<\/td>\n<\/tr>\n<tr>\n<td><\/td>\n<\/tr>\n<\/tbody>\n<\/table>\n<p>[\/vc_column_text][vc_spacer size=&#8221;70px&#8221;][\/vc_column][\/vc_row]<\/p>\n","protected":false},"excerpt":{"rendered":"<p>[vc_row bg_cover=&#8221;cover&#8221; bg_position=&#8221;&#8221; bg_attachment=&#8221;fixed&#8221; textalign=&#8221;center&#8221; top=&#8221;200px&#8221; bottom=&#8221;140px&#8221; bg_image=&#8221;7734&#8243;][vc_column][vc_column_text css_animation=&#8221;bottom-to-top&#8221;] Nossos Produtos Linha de Ch\u00e1s Sach\u00eas[\/vc_column_text][\/vc_column][\/vc_row][vc_row textalign=&#8221;center&#8221;][vc_column][vc_column_text css_animation=&#8221;bottom-to-top&#8221;]Linha de Ch\u00e1s Sach\u00eas [\/vc_column_text][vc_icon name=&#8221;fa-angle-double-down&#8221; icon_size=&#8221;34px&#8221; icon_color=&#8221;#dddddd&#8221; hover_effect=&#8221;change_color&#8221; css_animation=&#8221;bottom-to-top&#8221;][vc_masonry_media_grid initial_loading_animation=&#8221;fadeIn&#8221; grid_id=&#8221;vc_gid:1721658247742-ae71dd7d-d73e-2&#8243; include=&#8221;8173,8174,8175,8182,8181,8180,8178,8179,8177,8176&#8243;][vc_spacer size=&#8221;70px&#8221;][vc_separator icon=&#8221;fa-star&#8221; color=&#8221;#dddddd&#8221;][vc_spacer size=&#8221;70px&#8221;][vc_column_text css_animation=&#8221;bottom-to-top&#8221;]Detalhes dos Produtos[\/vc_column_text][vc_icon name=&#8221;fa-angle-double-down&#8221; icon_size=&#8221;34px&#8221; icon_color=&#8221;#dddddd&#8221; hover_effect=&#8221;change_color&#8221; css_animation=&#8221;bottom-to-top&#8221;][vc_spacer size=&#8221;70px&#8221;][vc_column_text] Detalhes A linha de ch\u00e1s em sach\u00ea possui caixas com 6 unidades de [&hellip;]<\/p>\n","protected":false},"author":1,"featured_media":0,"parent":0,"menu_order":0,"comment_status":"closed","ping_status":"closed","template":"page-full-width.php","meta":[],"_links":{"self":[{"href":"https:\/\/quintalverde.eco.br\/home\/wp-json\/wp\/v2\/pages\/7870"}],"collection":[{"href":"https:\/\/quintalverde.eco.br\/home\/wp-json\/wp\/v2\/pages"}],"about":[{"href":"https:\/\/quintalverde.eco.br\/home\/wp-json\/wp\/v2\/types\/page"}],"author":[{"embeddable":true,"href":"https:\/\/quintalverde.eco.br\/home\/wp-json\/wp\/v2\/users\/1"}],"replies":[{"embeddable":true,"href":"https:\/\/quintalverde.eco.br\/home\/wp-json\/wp\/v2\/comments?post=7870"}],"version-history":[{"count":7,"href":"https:\/\/quintalverde.eco.br\/home\/wp-json\/wp\/v2\/pages\/7870\/revisions"}],"predecessor-version":[{"id":8249,"href":"https:\/\/quintalverde.eco.br\/home\/wp-json\/wp\/v2\/pages\/7870\/revisions\/8249"}],"wp:attachment":[{"href":"https:\/\/quintalverde.eco.br\/home\/wp-json\/wp\/v2\/media?parent=7870"}],"curies":[{"name":"wp","href":"https:\/\/api.w.org\/{rel}","templated":true}]}}