{"id":7835,"date":"2020-05-07T17:12:55","date_gmt":"2020-05-07T20:12:55","guid":{"rendered":"http:\/\/quintalverde.eco.br\/home\/?page_id=7835"},"modified":"2025-10-06T10:34:31","modified_gmt":"2025-10-06T13:34:31","slug":"linha-de-ervas-finas","status":"publish","type":"page","link":"https:\/\/quintalverde.eco.br\/home\/linha-de-ervas-finas\/","title":{"rendered":"Linha de Ervas Finas"},"content":{"rendered":"<p>[vc_row bg_cover=&#8221;cover&#8221; bg_position=&#8221;&#8221; bg_attachment=&#8221;fixed&#8221; textalign=&#8221;center&#8221; top=&#8221;200px&#8221; bottom=&#8221;140px&#8221; bg_image=&#8221;7807&#8243;][vc_column][vc_column_text css_animation=&#8221;bottom-to-top&#8221;]<\/p>\n<h1 style=\"font-size: 100px; line-height: 90px; font-weight: 600;\"><span style=\"color: #ffffff;\">Nossos Produtos<\/span><\/h1>\n<p><em><span style=\"font-size: 23px; color: #243f24; font-weight: 300;\">Linha de Ervas Finas<\/span><\/em>[\/vc_column_text][\/vc_column][\/vc_row][vc_row textalign=&#8221;center&#8221;][vc_column][vc_column_text css_animation=&#8221;bottom-to-top&#8221;]<span style=\"font-size: 24px; font-weight: 300;\"><strong style=\"color: #444444;\">Linha<\/strong> de Ervas Finas<br \/>\n<\/span>[\/vc_column_text][vc_icon name=&#8221;fa-angle-double-down&#8221; icon_size=&#8221;34px&#8221; icon_color=&#8221;#dddddd&#8221; hover_effect=&#8221;change_color&#8221; css_animation=&#8221;bottom-to-top&#8221;][vc_masonry_media_grid style=&#8221;lazy&#8221; initial_loading_animation=&#8221;fadeIn&#8221; grid_id=&#8221;vc_gid:1759757202319-173db803-c831-2&#8243; include=&#8221;8136,8137,8126,8132,8138,8139,8125,8127,8129,8146,8133,8130,8145,8131,8128,8135,8147,8134,8144,8143,8141,8140,8142,8283,8285&#8243;][vc_spacer size=&#8221;70px&#8221;][vc_separator icon=&#8221;fa-star&#8221; color=&#8221;#dddddd&#8221;][vc_spacer size=&#8221;70px&#8221;][vc_column_text css_animation=&#8221;bottom-to-top&#8221;]<span style=\"font-size: 24px; font-weight: 300;\"><strong style=\"color: #444444;\">Detalhes<\/strong> dos Produtos<\/span>[\/vc_column_text][vc_icon name=&#8221;fa-angle-double-down&#8221; icon_size=&#8221;34px&#8221; icon_color=&#8221;#dddddd&#8221; hover_effect=&#8221;change_color&#8221; css_animation=&#8221;bottom-to-top&#8221;][vc_spacer size=&#8221;70px&#8221;][vc_column_text]<\/p>\n<table>\n<thead>\n<tr>\n<th>Temperos<\/th>\n<th>Ingredientes<\/th>\n<\/tr>\n<\/thead>\n<tbody>\n<tr>\n<td>Curry<\/td>\n<td>A\u00e7afr\u00e3o, Gengibre, Cebola, Alho, Pimenta dedo de mo\u00e7a<\/td>\n<\/tr>\n<tr>\n<td>Chimichurri<\/td>\n<td>Salsinha, Or\u00e9gano, Tomilho, Louro, A\u00e7afr\u00e3o (c\u00farcuma), Pimenta dedo de mo\u00e7a<\/td>\n<\/tr>\n<tr>\n<td>Ervas finas Carnes Vermelhas<\/td>\n<td>Or\u00e9gano, Alho, Cebola, Louro, A\u00e7afr\u00e3o, Salsinha<\/td>\n<\/tr>\n<tr>\n<td>Ervas Finas Feij\u00e3o<\/td>\n<td>Manjerona, Cebola, Alho, Louro.<\/td>\n<\/tr>\n<tr>\n<td>Ervas Finas Frango<\/td>\n<td>Alecrim, Or\u00e9gano, Gengibre, A\u00e7afr\u00e3o<\/td>\n<\/tr>\n<tr>\n<td>Ervas Finas Gourmet<\/td>\n<td>Salsinha, Manjeric\u00e3o, Gengibre, Alho, A\u00e7afr\u00e3o<\/td>\n<\/tr>\n<tr>\n<td>Ervas Finas Peixe<\/td>\n<td>A\u00e7afr\u00e3o, Manjeric\u00e3o, Alho, Gengibre, Cebola.<\/td>\n<\/tr>\n<tr>\n<td>Ervas Provences<\/td>\n<td>Alecrim, Louro, Manjeric\u00e3o, Tomilho<\/td>\n<\/tr>\n<tr>\n<td>Ervas Finas Legumes<\/td>\n<td>Tomilho, Manjerona, Manjeric\u00e3o, S\u00e1lvia, Pimenta dedo de mo\u00e7a.<\/td>\n<\/tr>\n<tr>\n<td>Ervas Finas Massas<\/td>\n<td>Or\u00e9gano, Manjeric\u00e3o, S\u00e1lvia, Tomilho.<\/td>\n<\/tr>\n<tr>\n<td>Ervas Finas Saladas<\/td>\n<td>Salsinha, Cebolinha, Gengibre, Alho, A\u00e7afr\u00e3o<\/td>\n<\/tr>\n<\/tbody>\n<\/table>\n<p>[\/vc_column_text][vc_spacer size=&#8221;70px&#8221;][vc_column_text]<\/p>\n<table>\n<thead>\n<tr>\n<th>Detalhes<\/th>\n<th>A linha de temperos encartelados possui caixinhas com 10 unidades cada, de um sabor<\/th>\n<\/tr>\n<\/thead>\n<tbody>\n<tr>\n<td><strong>Validade<\/strong><\/td>\n<td>Validade de toda a Linha Quintal Verde \u00e9 de 24 meses<\/td>\n<\/tr>\n<tr>\n<td><\/td>\n<\/tr>\n<\/tbody>\n<\/table>\n<p>[\/vc_column_text][vc_spacer size=&#8221;70px&#8221;][\/vc_column][\/vc_row]<\/p>\n","protected":false},"excerpt":{"rendered":"<p>[vc_row bg_cover=&#8221;cover&#8221; bg_position=&#8221;&#8221; bg_attachment=&#8221;fixed&#8221; textalign=&#8221;center&#8221; top=&#8221;200px&#8221; bottom=&#8221;140px&#8221; bg_image=&#8221;7807&#8243;][vc_column][vc_column_text css_animation=&#8221;bottom-to-top&#8221;] Nossos Produtos Linha de Ervas Finas[\/vc_column_text][\/vc_column][\/vc_row][vc_row textalign=&#8221;center&#8221;][vc_column][vc_column_text css_animation=&#8221;bottom-to-top&#8221;]Linha de Ervas Finas [\/vc_column_text][vc_icon name=&#8221;fa-angle-double-down&#8221; icon_size=&#8221;34px&#8221; icon_color=&#8221;#dddddd&#8221; hover_effect=&#8221;change_color&#8221; css_animation=&#8221;bottom-to-top&#8221;][vc_masonry_media_grid style=&#8221;lazy&#8221; initial_loading_animation=&#8221;fadeIn&#8221; grid_id=&#8221;vc_gid:1759757202319-173db803-c831-2&#8243; include=&#8221;8136,8137,8126,8132,8138,8139,8125,8127,8129,8146,8133,8130,8145,8131,8128,8135,8147,8134,8144,8143,8141,8140,8142,8283,8285&#8243;][vc_spacer size=&#8221;70px&#8221;][vc_separator icon=&#8221;fa-star&#8221; color=&#8221;#dddddd&#8221;][vc_spacer size=&#8221;70px&#8221;][vc_column_text css_animation=&#8221;bottom-to-top&#8221;]Detalhes dos Produtos[\/vc_column_text][vc_icon name=&#8221;fa-angle-double-down&#8221; icon_size=&#8221;34px&#8221; icon_color=&#8221;#dddddd&#8221; hover_effect=&#8221;change_color&#8221; css_animation=&#8221;bottom-to-top&#8221;][vc_spacer size=&#8221;70px&#8221;][vc_column_text] Temperos Ingredientes Curry A\u00e7afr\u00e3o, Gengibre, Cebola, Alho, Pimenta dedo de mo\u00e7a Chimichurri [&hellip;]<\/p>\n","protected":false},"author":1,"featured_media":0,"parent":0,"menu_order":0,"comment_status":"closed","ping_status":"closed","template":"page-full-width.php","meta":[],"_links":{"self":[{"href":"https:\/\/quintalverde.eco.br\/home\/wp-json\/wp\/v2\/pages\/7835"}],"collection":[{"href":"https:\/\/quintalverde.eco.br\/home\/wp-json\/wp\/v2\/pages"}],"about":[{"href":"https:\/\/quintalverde.eco.br\/home\/wp-json\/wp\/v2\/types\/page"}],"author":[{"embeddable":true,"href":"https:\/\/quintalverde.eco.br\/home\/wp-json\/wp\/v2\/users\/1"}],"replies":[{"embeddable":true,"href":"https:\/\/quintalverde.eco.br\/home\/wp-json\/wp\/v2\/comments?post=7835"}],"version-history":[{"count":7,"href":"https:\/\/quintalverde.eco.br\/home\/wp-json\/wp\/v2\/pages\/7835\/revisions"}],"predecessor-version":[{"id":8287,"href":"https:\/\/quintalverde.eco.br\/home\/wp-json\/wp\/v2\/pages\/7835\/revisions\/8287"}],"wp:attachment":[{"href":"https:\/\/quintalverde.eco.br\/home\/wp-json\/wp\/v2\/media?parent=7835"}],"curies":[{"name":"wp","href":"https:\/\/api.w.org\/{rel}","templated":true}]}}