{"id":5985,"date":"2014-04-28T23:06:58","date_gmt":"2014-04-28T23:06:58","guid":{"rendered":"http:\/\/mnkythemes.com\/aperture\/?page_id=5985"},"modified":"2020-06-02T17:34:27","modified_gmt":"2020-06-02T20:34:27","slug":"contato","status":"publish","type":"page","link":"https:\/\/quintalverde.eco.br\/home\/contato\/","title":{"rendered":"Contato"},"content":{"rendered":"<p>[vc_row bg_cover=&#8221;cover&#8221; bg_repeat=&#8221;no-repeat&#8221; bg_position=&#8221;Center center&#8221; bg_attachment=&#8221;fixed&#8221; top=&#8221;130px&#8221; bottom=&#8221;30px&#8221; row_mobile_style=&#8221;ipad_full_width&#8221; bg_image=&#8221;7761&#8243; font_color=&#8221;#ffffff&#8221;][vc_column width=&#8221;1\/2&#8243;][vc_spacer size=&#8221;45px&#8221;][vc_column_text]<span style=\"font-size: 60px; line-height: 60px; font-weight: bold;\">Entre em contato<\/span>[\/vc_column_text][vc_spacer][vc_column_text]Entre em contato com a <strong>Quintal Verde<\/strong>, teremos o maior prazer em responder as suas d\u00favidas, ouvir suas sugest\u00f5es ou cr\u00edticas. Preencha os campos, pois s\u00e3o muito importantes para que possamos responder ao seu email.[\/vc_column_text][\/vc_column][vc_column width=&#8221;1\/2&#8243;][\/vc_column][\/vc_row][vc_row row_mobile_style=&#8221;ipad_full_width&#8221;][vc_column width=&#8221;1\/2&#8243;]<div role=\"form\" class=\"wpcf7\" id=\"wpcf7-f7713-o1\" lang=\"pt-BR\" dir=\"ltr\">\n<div class=\"screen-reader-response\"><p role=\"status\" aria-live=\"polite\" aria-atomic=\"true\"><\/p> <ul><\/ul><\/div>\n<form action=\"\/home\/wp-json\/wp\/v2\/pages\/5985#wpcf7-f7713-o1\" method=\"post\" class=\"wpcf7-form init\" novalidate=\"novalidate\" data-status=\"init\">\n<div style=\"display: none;\">\n<input type=\"hidden\" name=\"_wpcf7\" value=\"7713\" \/>\n<input type=\"hidden\" name=\"_wpcf7_version\" value=\"5.4\" \/>\n<input type=\"hidden\" name=\"_wpcf7_locale\" value=\"pt_BR\" \/>\n<input type=\"hidden\" name=\"_wpcf7_unit_tag\" value=\"wpcf7-f7713-o1\" \/>\n<input type=\"hidden\" name=\"_wpcf7_container_post\" value=\"0\" \/>\n<input type=\"hidden\" name=\"_wpcf7_posted_data_hash\" value=\"\" \/>\n<\/div>\n<p><label> Seu nome (obrigat\u00f3rio)<br \/>\n    <span class=\"wpcf7-form-control-wrap your-name\"><input type=\"text\" name=\"your-name\" value=\"\" size=\"40\" class=\"wpcf7-form-control wpcf7-text wpcf7-validates-as-required\" aria-required=\"true\" aria-invalid=\"false\" \/><\/span> <\/label><\/p>\n<p><label> Seu e-mail (obrigat\u00f3rio)<br \/>\n    <span class=\"wpcf7-form-control-wrap your-email\"><input type=\"email\" name=\"your-email\" value=\"\" size=\"40\" class=\"wpcf7-form-control wpcf7-text wpcf7-email wpcf7-validates-as-required wpcf7-validates-as-email\" aria-required=\"true\" aria-invalid=\"false\" \/><\/span> <\/label><\/p>\n<p><label> Assunto<br \/>\n    <span class=\"wpcf7-form-control-wrap your-subject\"><input type=\"text\" name=\"your-subject\" value=\"\" size=\"40\" class=\"wpcf7-form-control wpcf7-text\" aria-invalid=\"false\" \/><\/span> <\/label><\/p>\n<p><label> Sua mensagem<br \/>\n    <span class=\"wpcf7-form-control-wrap your-message\"><textarea name=\"your-message\" cols=\"40\" rows=\"10\" class=\"wpcf7-form-control wpcf7-textarea\" aria-invalid=\"false\"><\/textarea><\/span> <\/label><\/p>\n<p><input type=\"submit\" value=\"Enviar\" class=\"wpcf7-form-control wpcf7-submit\" \/><\/p>\n<div class=\"wpcf7-response-output\" aria-hidden=\"true\"><\/div><\/form><\/div>[\/vc_column][vc_column width=&#8221;1\/2&#8243;][vc_spacer size=&#8221;20px&#8221;][vc_row_inner][vc_column_inner width=&#8221;1\/2&#8243;][vc_column_text]<span style=\"font-size: 12pt;\"><strong>Segunda: <\/strong>9.00 \u00e0s 17.30<\/span><br \/>\n<span style=\"font-size: 12pt;\"> <strong>Quarta: <\/strong>9.00 \u00e0s 17.30<\/span><br \/>\n<span style=\"font-size: 12pt;\"> <strong>Sexta: <\/strong>9.00 \u00e0s 17.30<\/span><br \/>\n<span style=\"font-size: 12pt;\"> <strong>Domingo: <\/strong>Fechado<\/span>[\/vc_column_text][\/vc_column_inner][vc_column_inner width=&#8221;1\/2&#8243;][vc_column_text]<span style=\"font-size: 12pt;\"><strong>Ter\u00e7a: <\/strong>9.00 9.00 \u00e0s 17.30<\/span><br \/>\n<span style=\"font-size: 12pt;\"> <strong>Quinta: <\/strong>9.00 \u00e0s 17.30<\/span><br \/>\n<span style=\"font-size: 12pt;\"> <strong>S\u00e1bado: <\/strong>Fechado<\/span>[\/vc_column_text][\/vc_column_inner][\/vc_row_inner][vc_spacer size=&#8221;35px&#8221;][vc_gmaps link=&#8221;#E-8_JTNDaWZyYW1lJTIwc3JjJTNEJTIyaHR0cHMlM0ElMkYlMkZ3d3cuZ29vZ2xlLmNvbSUyRm1hcHMlMkZlbWJlZCUzRnBiJTNEJTIxMW0xOCUyMTFtMTIlMjExbTMlMjExZDc0OS40NjU0OTU4NTcxOTMzJTIxMmQtNTAuNjg3NzM5MTcwODM5MDQlMjEzZC0yNS42MjM3MDQ5OTg5ODExOTYlMjEybTMlMjExZjAlMjEyZjAlMjEzZjAlMjEzbTIlMjExaTEwMjQlMjEyaTc2OCUyMTRmMTMuMSUyMTNtMyUyMTFtMiUyMTFzMHgwJTI1M0EweDAlMjEyek1qWENzRE0zSnpJMUxqTWlVeUExTU1Ld05ERW5NVE11T1NKWCUyMTVlMSUyMTNtMiUyMTFzcHQtUFQlMjEyc2JyJTIxNHYxNTkxMTMwMDI0MjU4JTIxNW0yJTIxMXNwdC1QVCUyMTJzYnIlMjIlMjB3aWR0aCUzRCUyMjYwMCUyMiUyMGhlaWdodCUzRCUyMjQ1MCUyMiUyMGZyYW1lYm9yZGVyJTNEJTIyMCUyMiUyMHN0eWxlJTNEJTIyYm9yZGVyJTNBMCUzQiUyMiUyMGFsbG93ZnVsbHNjcmVlbiUzRCUyMiUyMiUyMGFyaWEtaGlkZGVuJTNEJTIyZmFsc2UlMjIlMjB0YWJpbmRleCUzRCUyMjAlMjIlM0UlM0MlMkZpZnJhbWUlM0U=&#8221; size=&#8221;338&#8243;][\/vc_column][\/vc_row]<\/p>\n","protected":false},"excerpt":{"rendered":"<p>[vc_row bg_cover=&#8221;cover&#8221; bg_repeat=&#8221;no-repeat&#8221; bg_position=&#8221;Center center&#8221; bg_attachment=&#8221;fixed&#8221; top=&#8221;130px&#8221; bottom=&#8221;30px&#8221; row_mobile_style=&#8221;ipad_full_width&#8221; bg_image=&#8221;7761&#8243; font_color=&#8221;#ffffff&#8221;][vc_column width=&#8221;1\/2&#8243;][vc_spacer size=&#8221;45px&#8221;][vc_column_text]Entre em contato[\/vc_column_text][vc_spacer][vc_column_text]Entre em contato com a Quintal Verde, teremos o maior prazer em responder as suas d\u00favidas, ouvir suas sugest\u00f5es ou cr\u00edticas. Preencha os campos, pois s\u00e3o muito importantes para que possamos responder ao seu email.[\/vc_column_text][\/vc_column][vc_column width=&#8221;1\/2&#8243;][\/vc_column][\/vc_row][vc_row row_mobile_style=&#8221;ipad_full_width&#8221;][vc_column width=&#8221;1\/2&#8243;][\/vc_column][vc_column width=&#8221;1\/2&#8243;][vc_spacer size=&#8221;20px&#8221;][vc_row_inner][vc_column_inner width=&#8221;1\/2&#8243;][vc_column_text]Segunda: [&hellip;]<\/p>\n","protected":false},"author":1,"featured_media":0,"parent":0,"menu_order":0,"comment_status":"open","ping_status":"open","template":"page-full-width.php","meta":[],"_links":{"self":[{"href":"https:\/\/quintalverde.eco.br\/home\/wp-json\/wp\/v2\/pages\/5985"}],"collection":[{"href":"https:\/\/quintalverde.eco.br\/home\/wp-json\/wp\/v2\/pages"}],"about":[{"href":"https:\/\/quintalverde.eco.br\/home\/wp-json\/wp\/v2\/types\/page"}],"author":[{"embeddable":true,"href":"https:\/\/quintalverde.eco.br\/home\/wp-json\/wp\/v2\/users\/1"}],"replies":[{"embeddable":true,"href":"https:\/\/quintalverde.eco.br\/home\/wp-json\/wp\/v2\/comments?post=5985"}],"version-history":[{"count":10,"href":"https:\/\/quintalverde.eco.br\/home\/wp-json\/wp\/v2\/pages\/5985\/revisions"}],"predecessor-version":[{"id":8055,"href":"https:\/\/quintalverde.eco.br\/home\/wp-json\/wp\/v2\/pages\/5985\/revisions\/8055"}],"wp:attachment":[{"href":"https:\/\/quintalverde.eco.br\/home\/wp-json\/wp\/v2\/media?parent=5985"}],"curies":[{"name":"wp","href":"https:\/\/api.w.org\/{rel}","templated":true}]}}